{"id":66,"date":"2017-08-28T07:29:32","date_gmt":"2017-08-28T07:29:32","guid":{"rendered":"http:\/\/mermaid4you.de\/?page_id=66"},"modified":"2019-11-25T08:49:53","modified_gmt":"2019-11-25T07:49:53","slug":"ueber-mich","status":"publish","type":"page","link":"https:\/\/mermaid4you.de\/?page_id=66","title":{"rendered":"\u00dcber mich"},"content":{"rendered":"\t\t<div data-elementor-type=\"wp-page\" data-elementor-id=\"66\" class=\"elementor elementor-66\">\n\t\t\t\t\t\t<section class=\"elementor-section elementor-top-section elementor-element elementor-element-15f320ce elementor-section-boxed elementor-section-height-default elementor-section-height-default\" data-id=\"15f320ce\" data-element_type=\"section\">\n\t\t\t\t\t\t<div class=\"elementor-container elementor-column-gap-default\">\n\t\t\t\t\t<div class=\"elementor-column elementor-col-100 elementor-top-column elementor-element elementor-element-1f472cf3\" data-id=\"1f472cf3\" data-element_type=\"column\">\n\t\t\t<div class=\"elementor-widget-wrap elementor-element-populated\">\n\t\t\t\t\t\t<div class=\"elementor-element elementor-element-8840acd elementor-widget elementor-widget-image\" data-id=\"8840acd\" data-element_type=\"widget\" data-widget_type=\"image.default\">\n\t\t\t\t<div class=\"elementor-widget-container\">\n\t\t\t\t\t\t\t\t\t\t\t\t\t\t\t<img fetchpriority=\"high\" decoding=\"async\" width=\"1772\" height=\"1181\" src=\"https:\/\/mermaid4you.de\/wp-content\/uploads\/2017\/11\/Schleierfaeller_Saulgrub_Mermaid4you.jpg\" class=\"attachment-full size-full wp-image-102\" alt=\"Mermaid4you - Denise Nemec\" srcset=\"https:\/\/mermaid4you.de\/wp-content\/uploads\/2017\/11\/Schleierfaeller_Saulgrub_Mermaid4you.jpg 1772w, https:\/\/mermaid4you.de\/wp-content\/uploads\/2017\/11\/Schleierfaeller_Saulgrub_Mermaid4you-300x200.jpg 300w, https:\/\/mermaid4you.de\/wp-content\/uploads\/2017\/11\/Schleierfaeller_Saulgrub_Mermaid4you-768x512.jpg 768w, https:\/\/mermaid4you.de\/wp-content\/uploads\/2017\/11\/Schleierfaeller_Saulgrub_Mermaid4you-1024x682.jpg 1024w\" sizes=\"(max-width: 1772px) 100vw, 1772px\" \/>\t\t\t\t\t\t\t\t\t\t\t\t\t\t\t<\/div>\n\t\t\t\t<\/div>\n\t\t\t\t\t<\/div>\n\t\t<\/div>\n\t\t\t\t\t<\/div>\n\t\t<\/section>\n\t\t\t\t<section class=\"elementor-section elementor-top-section elementor-element elementor-element-74c0248 elementor-section-boxed elementor-section-height-default elementor-section-height-default\" data-id=\"74c0248\" data-element_type=\"section\">\n\t\t\t\t\t\t<div class=\"elementor-container elementor-column-gap-default\">\n\t\t\t\t\t<div class=\"elementor-column elementor-col-100 elementor-top-column elementor-element elementor-element-88dc046\" data-id=\"88dc046\" data-element_type=\"column\">\n\t\t\t<div class=\"elementor-widget-wrap elementor-element-populated\">\n\t\t\t\t\t\t<div class=\"elementor-element elementor-element-dd106f3 elementor-widget elementor-widget-heading\" data-id=\"dd106f3\" data-element_type=\"widget\" data-widget_type=\"heading.default\">\n\t\t\t\t<div class=\"elementor-widget-container\">\n\t\t\t\t\t<h2 class=\"elementor-heading-title elementor-size-default\">Ich bin Denise<\/h2>\t\t\t\t<\/div>\n\t\t\t\t<\/div>\n\t\t\t\t\t<\/div>\n\t\t<\/div>\n\t\t\t\t\t<\/div>\n\t\t<\/section>\n\t\t\t\t<section class=\"elementor-section elementor-top-section elementor-element elementor-element-2bf682f elementor-section-boxed elementor-section-height-default elementor-section-height-default\" data-id=\"2bf682f\" data-element_type=\"section\">\n\t\t\t\t\t\t<div class=\"elementor-container elementor-column-gap-default\">\n\t\t\t\t\t<div class=\"elementor-column elementor-col-100 elementor-top-column elementor-element elementor-element-4185ff0\" data-id=\"4185ff0\" data-element_type=\"column\">\n\t\t\t<div class=\"elementor-widget-wrap elementor-element-populated\">\n\t\t\t\t\t\t<section class=\"elementor-section elementor-inner-section elementor-element elementor-element-a21a6ce elementor-section-boxed elementor-section-height-default elementor-section-height-default\" data-id=\"a21a6ce\" data-element_type=\"section\">\n\t\t\t\t\t\t<div class=\"elementor-container elementor-column-gap-default\">\n\t\t\t\t\t<div class=\"elementor-column elementor-col-50 elementor-inner-column elementor-element elementor-element-95604f4\" data-id=\"95604f4\" data-element_type=\"column\">\n\t\t\t<div class=\"elementor-widget-wrap elementor-element-populated\">\n\t\t\t\t\t\t<div class=\"elementor-element elementor-element-a6108e0 elementor-widget elementor-widget-text-editor\" data-id=\"a6108e0\" data-element_type=\"widget\" data-widget_type=\"text-editor.default\">\n\t\t\t\t<div class=\"elementor-widget-container\">\n\t\t\t\t\t\t\t\t\t<p>Ich schwimme als Meerjungfrau seit 2014.<\/p><p>Vor 3 Jahren bin ich durch das Mermaiding zum Freediving gekommen und habe meine ersten Freediving Brevets (Tauchscheine) erhalten.<\/p><p>2017 habe ich mich schlie\u00dflich bei SSI zum Freediving Instructor f\u00fcr Pool und Level 1 Freediver ausbilden lassen.<\/p><p>Zus\u00e4tzlich habe ich noch den Instructor f\u00fcr Monofin Specialty und Mermaiding gemacht, sodass ich auch Meerjungfrauen ausbilden darf.<\/p><p>F\u00fcr einige Unterwasser Modeljobs kam dann im August 2017 noch der normale Open Water Diver Tauchschein dazu.<\/p><p>Ich schwimme meist mit einer professionellen Silikonflosse, die ca. 15 kg wiegt.<\/p>\t\t\t\t\t\t\t\t<\/div>\n\t\t\t\t<\/div>\n\t\t\t\t\t<\/div>\n\t\t<\/div>\n\t\t\t\t<div class=\"elementor-column elementor-col-50 elementor-inner-column elementor-element elementor-element-a46e1c3\" data-id=\"a46e1c3\" data-element_type=\"column\">\n\t\t\t<div class=\"elementor-widget-wrap elementor-element-populated\">\n\t\t\t\t\t\t<div class=\"elementor-element elementor-element-8bc80c4 elementor-widget elementor-widget-image\" data-id=\"8bc80c4\" data-element_type=\"widget\" data-widget_type=\"image.default\">\n\t\t\t\t<div class=\"elementor-widget-container\">\n\t\t\t\t\t\t\t\t\t\t\t\t\t\t\t<img decoding=\"async\" width=\"1140\" height=\"1750\" src=\"https:\/\/mermaid4you.de\/wp-content\/uploads\/2019\/11\/shutterstock_1435253396_Mermaid-Denise_Pink_01.png\" class=\"attachment-ashe-full-thumbnail size-ashe-full-thumbnail wp-image-153\" alt=\"Mermaid4you - Denise\" srcset=\"https:\/\/mermaid4you.de\/wp-content\/uploads\/2019\/11\/shutterstock_1435253396_Mermaid-Denise_Pink_01.png 1966w, https:\/\/mermaid4you.de\/wp-content\/uploads\/2019\/11\/shutterstock_1435253396_Mermaid-Denise_Pink_01-195x300.png 195w, https:\/\/mermaid4you.de\/wp-content\/uploads\/2019\/11\/shutterstock_1435253396_Mermaid-Denise_Pink_01-768x1179.png 768w, https:\/\/mermaid4you.de\/wp-content\/uploads\/2019\/11\/shutterstock_1435253396_Mermaid-Denise_Pink_01-667x1024.png 667w\" sizes=\"(max-width: 1140px) 100vw, 1140px\" \/>\t\t\t\t\t\t\t\t\t\t\t\t\t\t\t<\/div>\n\t\t\t\t<\/div>\n\t\t\t\t\t<\/div>\n\t\t<\/div>\n\t\t\t\t\t<\/div>\n\t\t<\/section>\n\t\t\t\t\t<\/div>\n\t\t<\/div>\n\t\t\t\t\t<\/div>\n\t\t<\/section>\n\t\t\t\t<section class=\"elementor-section elementor-top-section elementor-element elementor-element-6331589 elementor-section-boxed elementor-section-height-default elementor-section-height-default\" data-id=\"6331589\" data-element_type=\"section\">\n\t\t\t\t\t\t<div class=\"elementor-container elementor-column-gap-default\">\n\t\t\t\t\t<div class=\"elementor-column elementor-col-100 elementor-top-column elementor-element elementor-element-5211d3c\" data-id=\"5211d3c\" data-element_type=\"column\">\n\t\t\t<div class=\"elementor-widget-wrap elementor-element-populated\">\n\t\t\t\t\t\t<div class=\"elementor-element elementor-element-3ec19b0 elementor-widget elementor-widget-image\" data-id=\"3ec19b0\" data-element_type=\"widget\" data-widget_type=\"image.default\">\n\t\t\t\t<div class=\"elementor-widget-container\">\n\t\t\t\t\t\t\t\t\t\t\t\t\t\t\t<img decoding=\"async\" width=\"500\" height=\"301\" src=\"https:\/\/mermaid4you.de\/wp-content\/uploads\/2019\/11\/Fisch_08.png\" class=\"attachment-large size-large wp-image-175\" alt=\"Mermaid4you - Denise\" srcset=\"https:\/\/mermaid4you.de\/wp-content\/uploads\/2019\/11\/Fisch_08.png 500w, https:\/\/mermaid4you.de\/wp-content\/uploads\/2019\/11\/Fisch_08-300x181.png 300w\" sizes=\"(max-width: 500px) 100vw, 500px\" \/>\t\t\t\t\t\t\t\t\t\t\t\t\t\t\t<\/div>\n\t\t\t\t<\/div>\n\t\t\t\t\t<\/div>\n\t\t<\/div>\n\t\t\t\t\t<\/div>\n\t\t<\/section>\n\t\t\t\t<\/div>\n\t\t","protected":false},"excerpt":{"rendered":"<p>Ich bin Denise Ich schwimme als Meerjungfrau seit 2014. Vor 3 Jahren bin ich durch das Mermaiding zum Freediving gekommen und habe meine ersten Freediving Brevets (Tauchscheine) erhalten. 2017 habe ich mich schlie\u00dflich bei SSI zum Freediving Instructor f\u00fcr Pool und Level 1 Freediver ausbilden lassen. Zus\u00e4tzlich habe ich noch den Instructor f\u00fcr Monofin Specialty und Mermaiding gemacht, sodass ich auch Meerjungfrauen ausbilden darf. F\u00fcr einige Unterwasser Modeljobs kam dann im August 2017 noch der normale Open Water Diver Tauchschein dazu. Ich schwimme meist mit einer professionellen Silikonflosse, die ca. 15 kg wiegt.<\/p>\n","protected":false},"author":1,"featured_media":0,"parent":0,"menu_order":0,"comment_status":"closed","ping_status":"closed","template":"","meta":{"footnotes":""},"class_list":["post-66","page","type-page","status-publish","hentry"],"acf":[],"_links":{"self":[{"href":"https:\/\/mermaid4you.de\/index.php?rest_route=\/wp\/v2\/pages\/66","targetHints":{"allow":["GET"]}}],"collection":[{"href":"https:\/\/mermaid4you.de\/index.php?rest_route=\/wp\/v2\/pages"}],"about":[{"href":"https:\/\/mermaid4you.de\/index.php?rest_route=\/wp\/v2\/types\/page"}],"author":[{"embeddable":true,"href":"https:\/\/mermaid4you.de\/index.php?rest_route=\/wp\/v2\/users\/1"}],"replies":[{"embeddable":true,"href":"https:\/\/mermaid4you.de\/index.php?rest_route=%2Fwp%2Fv2%2Fcomments&post=66"}],"version-history":[{"count":13,"href":"https:\/\/mermaid4you.de\/index.php?rest_route=\/wp\/v2\/pages\/66\/revisions"}],"predecessor-version":[{"id":293,"href":"https:\/\/mermaid4you.de\/index.php?rest_route=\/wp\/v2\/pages\/66\/revisions\/293"}],"wp:attachment":[{"href":"https:\/\/mermaid4you.de\/index.php?rest_route=%2Fwp%2Fv2%2Fmedia&parent=66"}],"curies":[{"name":"wp","href":"https:\/\/api.w.org\/{rel}","templated":true}]}}